{"id":600,"date":"2023-05-14T07:54:17","date_gmt":"2023-05-14T07:54:17","guid":{"rendered":"https:\/\/naturschutzsl.ch\/test\/?page_id=600"},"modified":"2023-10-31T16:37:54","modified_gmt":"2023-10-31T16:37:54","slug":"aktuelles-drei","status":"publish","type":"page","link":"https:\/\/naturschutzsl.ch\/index.php\/aktuelles-drei\/","title":{"rendered":"Aktuelles"},"content":{"rendered":"\n<h2 class=\"wp-block-heading has-text-align-center\">Aktuelles<\/h2>\n\n\n\n<div style=\"height:30px\" aria-hidden=\"true\" class=\"wp-block-spacer\"><\/div>\n\n\n\n<div class=\"wp-block-group\" style=\"padding-top:30px;padding-right:30px;padding-bottom:30px;padding-left:30px\"><div class=\"wp-block-group__inner-container is-layout-flow wp-block-group-is-layout-flow\">\n<div class=\"wp-block-columns is-layout-flex wp-container-core-columns-is-layout-9d6595d7 wp-block-columns-is-layout-flex\">\n<div class=\"wp-block-column is-layout-flow wp-block-column-is-layout-flow\" style=\"flex-basis:50%\">\n<div class=\"wp-block-query is-layout-flow wp-block-query-is-layout-flow\"><ul class=\"wp-block-post-template is-layout-flow wp-block-post-template-is-layout-flow\"><li class=\"wp-block-post post-2170 post type-post status-publish format-standard has-post-thumbnail hentry category-aktuelles\">\n<figure style=\"width:375px;height:250px;\" class=\"wp-block-post-featured-image\"><a href=\"https:\/\/naturschutzsl.ch\/index.php\/2026\/04\/07\/testbeitrag-2-6-3-2\/\" title=\"Pflanzaktion beim Kindergarten Seltisberg\"><img loading=\"lazy\" decoding=\"async\" width=\"113\" height=\"150\" src=\"https:\/\/naturschutzsl.ch\/wp-content\/uploads\/2026\/04\/Aufwertung-Richtung-Jurastrasse-Foto-Simon-Keller-113x150.jpg\" class=\"attachment-post-thumbnail size-post-thumbnail wp-post-image\" alt=\"\" style=\"height:250px;object-fit:cover;\" srcset=\"https:\/\/naturschutzsl.ch\/wp-content\/uploads\/2026\/04\/Aufwertung-Richtung-Jurastrasse-Foto-Simon-Keller-113x150.jpg 113w, https:\/\/naturschutzsl.ch\/wp-content\/uploads\/2026\/04\/Aufwertung-Richtung-Jurastrasse-Foto-Simon-Keller-225x300.jpg 225w, https:\/\/naturschutzsl.ch\/wp-content\/uploads\/2026\/04\/Aufwertung-Richtung-Jurastrasse-Foto-Simon-Keller-768x1024.jpg 768w, https:\/\/naturschutzsl.ch\/wp-content\/uploads\/2026\/04\/Aufwertung-Richtung-Jurastrasse-Foto-Simon-Keller-1152x1536.jpg 1152w, https:\/\/naturschutzsl.ch\/wp-content\/uploads\/2026\/04\/Aufwertung-Richtung-Jurastrasse-Foto-Simon-Keller-1536x2048.jpg 1536w, https:\/\/naturschutzsl.ch\/wp-content\/uploads\/2026\/04\/Aufwertung-Richtung-Jurastrasse-Foto-Simon-Keller-scaled.jpg 1920w\" sizes=\"auto, (max-width: 113px) 100vw, 113px\" \/><\/a><\/figure>\n\n<h3 class=\"wp-block-post-title\">Pflanzaktion beim Kindergarten Seltisberg<\/h3>\n\n<div class=\"wp-block-post-date\"><time datetime=\"2026-04-07T18:44:28+00:00\">7. April 2026<\/time><\/div>\n\n<div class=\"wp-block-post-excerpt\"><p class=\"wp-block-post-excerpt__excerpt\">Das Projekt beim Kindergarten nimmt Form an. Die Dekoration der Kinder fehlt noch (Foto: Simon Keller) Beim Kindergarten in Seltisberg ist ein neuer Spielplatz entstanden &#8211; und mit der Entstehung des Kinderspielplatzes musste auch die umliegende Fl\u00e4che wieder begr\u00fcnt werden. Viele kleine und grosse H\u00e4nde bilden eine M\u00e4rli-Landschaft &nbsp; Der&#8230;<\/p><p class=\"wp-block-post-excerpt__more-text\"><a class=\"wp-block-post-excerpt__more-link\" href=\"https:\/\/naturschutzsl.ch\/index.php\/2026\/04\/07\/testbeitrag-2-6-3-2\/\">Weiter lesen<\/a><\/p><\/div>\n\n\n<div style=\"height:200px\" aria-hidden=\"true\" class=\"wp-block-spacer\"><\/div>\n\n<\/li><li class=\"wp-block-post post-2161 post type-post status-publish format-standard has-post-thumbnail hentry category-aktuelles\">\n<figure style=\"width:375px;height:250px;\" class=\"wp-block-post-featured-image\"><a href=\"https:\/\/naturschutzsl.ch\/index.php\/2026\/04\/07\/testbeitrag-2-6-3\/\" title=\"Gartenrotschwanz-F\u00f6rderprojekt: Eine neue F\u00f6rderfl\u00e4che entsteht\"><img loading=\"lazy\" decoding=\"async\" width=\"150\" height=\"113\" src=\"https:\/\/naturschutzsl.ch\/wp-content\/uploads\/2026\/04\/1_Aufwertungsprojekt-Leime-Schwarzacker-auf-Landparzelle-Ernst-und-Sibylle-Rudin-20.03.2026-1-150x113.jpg\" class=\"attachment-post-thumbnail size-post-thumbnail wp-post-image\" alt=\"\" style=\"height:250px;object-fit:cover;\" srcset=\"https:\/\/naturschutzsl.ch\/wp-content\/uploads\/2026\/04\/1_Aufwertungsprojekt-Leime-Schwarzacker-auf-Landparzelle-Ernst-und-Sibylle-Rudin-20.03.2026-1-150x113.jpg 150w, https:\/\/naturschutzsl.ch\/wp-content\/uploads\/2026\/04\/1_Aufwertungsprojekt-Leime-Schwarzacker-auf-Landparzelle-Ernst-und-Sibylle-Rudin-20.03.2026-1-300x225.jpg 300w, https:\/\/naturschutzsl.ch\/wp-content\/uploads\/2026\/04\/1_Aufwertungsprojekt-Leime-Schwarzacker-auf-Landparzelle-Ernst-und-Sibylle-Rudin-20.03.2026-1-1024x768.jpg 1024w, https:\/\/naturschutzsl.ch\/wp-content\/uploads\/2026\/04\/1_Aufwertungsprojekt-Leime-Schwarzacker-auf-Landparzelle-Ernst-und-Sibylle-Rudin-20.03.2026-1-768x576.jpg 768w, https:\/\/naturschutzsl.ch\/wp-content\/uploads\/2026\/04\/1_Aufwertungsprojekt-Leime-Schwarzacker-auf-Landparzelle-Ernst-und-Sibylle-Rudin-20.03.2026-1-1536x1152.jpg 1536w, https:\/\/naturschutzsl.ch\/wp-content\/uploads\/2026\/04\/1_Aufwertungsprojekt-Leime-Schwarzacker-auf-Landparzelle-Ernst-und-Sibylle-Rudin-20.03.2026-1-2048x1536.jpg 2048w\" sizes=\"auto, (max-width: 150px) 100vw, 150px\" \/><\/a><\/figure>\n\n<h3 class=\"wp-block-post-title\">Gartenrotschwanz-F\u00f6rderprojekt: Eine neue F\u00f6rderfl\u00e4che entsteht<\/h3>\n\n<div class=\"wp-block-post-date\"><time datetime=\"2026-04-07T18:21:57+00:00\">7. April 2026<\/time><\/div>\n\n<div class=\"wp-block-post-excerpt\"><p class=\"wp-block-post-excerpt__excerpt\">Halboffene Landschaften sind f\u00fcr die F\u00f6rderung der Biodiversit\u00e4t von besonderer Bedeutung. Insbesondere V\u00f6gel profitieren sehr von Hecken und einzelnen B\u00e4umen, sei es, um ihre Brut aufzuziehen, als Futterquelle oder um Schutz vor ihren Feinden zu finden. Solche Landschaften sind im Verlaufe der letzten Jahrzehnte in der Schweiz immer seltener geworden&#8230;.<\/p><p class=\"wp-block-post-excerpt__more-text\"><a class=\"wp-block-post-excerpt__more-link\" href=\"https:\/\/naturschutzsl.ch\/index.php\/2026\/04\/07\/testbeitrag-2-6-3\/\">Weiter lesen<\/a><\/p><\/div>\n\n\n<div style=\"height:200px\" aria-hidden=\"true\" class=\"wp-block-spacer\"><\/div>\n\n<\/li><\/ul><\/div>\n<\/div>\n\n\n\n<div class=\"wp-block-column is-layout-flow wp-block-column-is-layout-flow\" style=\"flex-basis:50%\">\n<div class=\"wp-block-query is-layout-flow wp-block-query-is-layout-flow\"><ul class=\"wp-block-post-template is-layout-flow wp-block-post-template-is-layout-flow\"><li class=\"wp-block-post post-2021 post type-post status-publish format-standard has-post-thumbnail hentry category-aktuelles\">\n\n<div style=\"height:200px\" aria-hidden=\"true\" class=\"wp-block-spacer\"><\/div>\n\n\n<figure style=\"width:375px;height:250px;\" class=\"wp-block-post-featured-image\"><a href=\"https:\/\/naturschutzsl.ch\/index.php\/2025\/10\/28\/testbeitrag-2-6-2\/\" title=\"Spektakul\u00e4rer Massenzug am NSL-Zugvogelstand vom 26.10.2025!\"><img loading=\"lazy\" decoding=\"async\" width=\"150\" height=\"113\" src=\"https:\/\/naturschutzsl.ch\/wp-content\/uploads\/2025\/10\/NSL-Zugvogelstand-26.10.2025-150x113.jpg\" class=\"attachment-post-thumbnail size-post-thumbnail wp-post-image\" alt=\"\" style=\"height:250px;object-fit:cover;\" srcset=\"https:\/\/naturschutzsl.ch\/wp-content\/uploads\/2025\/10\/NSL-Zugvogelstand-26.10.2025-150x113.jpg 150w, https:\/\/naturschutzsl.ch\/wp-content\/uploads\/2025\/10\/NSL-Zugvogelstand-26.10.2025-300x225.jpg 300w, https:\/\/naturschutzsl.ch\/wp-content\/uploads\/2025\/10\/NSL-Zugvogelstand-26.10.2025-1024x768.jpg 1024w, https:\/\/naturschutzsl.ch\/wp-content\/uploads\/2025\/10\/NSL-Zugvogelstand-26.10.2025-768x576.jpg 768w, https:\/\/naturschutzsl.ch\/wp-content\/uploads\/2025\/10\/NSL-Zugvogelstand-26.10.2025-1536x1152.jpg 1536w, https:\/\/naturschutzsl.ch\/wp-content\/uploads\/2025\/10\/NSL-Zugvogelstand-26.10.2025-2048x1536.jpg 2048w\" sizes=\"auto, (max-width: 150px) 100vw, 150px\" \/><\/a><\/figure>\n\n<h3 class=\"wp-block-post-title\">Spektakul\u00e4rer Massenzug am NSL-Zugvogelstand vom 26.10.2025!<\/h3>\n\n<div class=\"wp-block-post-date\"><time datetime=\"2025-10-28T08:50:26+00:00\">28. Oktober 2025<\/time><\/div>\n\n<div class=\"wp-block-post-excerpt\"><p class=\"wp-block-post-excerpt__excerpt\">Massiver Vogelzug begeisterte Jung und Alt am NSL-Zugvogelstand! Seltene Zugv\u00f6gel wie Merlin und 5 Kraniche zogen am Sonntag 26.10.2025 \u00fcber Seltisberg nach S\u00fcdwesten durch. Speziell spektakul\u00e4r war der Singvogelzug am Morgen bis zur Mittagszeit, getrieben durch den Temperatureinbruch und starken Gegenwind, welcher die Kleinv\u00f6gel nahe dem Boden und f\u00fcr uns&#8230;<\/p><p class=\"wp-block-post-excerpt__more-text\"><a class=\"wp-block-post-excerpt__more-link\" href=\"https:\/\/naturschutzsl.ch\/index.php\/2025\/10\/28\/testbeitrag-2-6-2\/\">Weiter lesen<\/a><\/p><\/div>\n<\/li><li class=\"wp-block-post post-1995 post type-post status-publish format-standard has-post-thumbnail hentry category-aktuelles\">\n\n<div style=\"height:200px\" aria-hidden=\"true\" class=\"wp-block-spacer\"><\/div>\n\n\n<figure style=\"width:375px;height:250px;\" class=\"wp-block-post-featured-image\"><a href=\"https:\/\/naturschutzsl.ch\/index.php\/2025\/09\/18\/testbeitrag-2-6\/\" title=\"Historisches Seltisberg - Ein Dorf im Wandel der Zeit\"><img loading=\"lazy\" decoding=\"async\" width=\"150\" height=\"113\" src=\"https:\/\/naturschutzsl.ch\/wp-content\/uploads\/2025\/09\/Seltisberg_Belle-Epoque_Ausstellung-150x113.webp\" class=\"attachment-post-thumbnail size-post-thumbnail wp-post-image\" alt=\"\" style=\"height:250px;object-fit:cover;\" srcset=\"https:\/\/naturschutzsl.ch\/wp-content\/uploads\/2025\/09\/Seltisberg_Belle-Epoque_Ausstellung-150x113.webp 150w, https:\/\/naturschutzsl.ch\/wp-content\/uploads\/2025\/09\/Seltisberg_Belle-Epoque_Ausstellung-300x226.webp 300w, https:\/\/naturschutzsl.ch\/wp-content\/uploads\/2025\/09\/Seltisberg_Belle-Epoque_Ausstellung-1024x771.webp 1024w, https:\/\/naturschutzsl.ch\/wp-content\/uploads\/2025\/09\/Seltisberg_Belle-Epoque_Ausstellung-768x578.webp 768w, https:\/\/naturschutzsl.ch\/wp-content\/uploads\/2025\/09\/Seltisberg_Belle-Epoque_Ausstellung-1536x1157.webp 1536w, https:\/\/naturschutzsl.ch\/wp-content\/uploads\/2025\/09\/Seltisberg_Belle-Epoque_Ausstellung.webp 2048w\" sizes=\"auto, (max-width: 150px) 100vw, 150px\" \/><\/a><\/figure>\n\n<h3 class=\"wp-block-post-title\">Historisches Seltisberg &#8211; Ein Dorf im Wandel der Zeit<\/h3>\n\n<div class=\"wp-block-post-date\"><time datetime=\"2025-09-18T06:30:43+00:00\">18. September 2025<\/time><\/div>\n\n<div class=\"wp-block-post-excerpt\"><p class=\"wp-block-post-excerpt__excerpt\">Wenn man durch den Dorfkern Seltisberg spaziert, sieht man viele liebevoll gepflegte, historische Geb\u00e4ude, welche schon ein Zuhause f\u00fcr viele Generationen boten. Unweigerlich fragt man sich, wie die Leute fr\u00fcher hier lebten und wie das Dorf und die Umgebung wohl aussahen. Wie hat sich das Dorf im Wandel der Zeit&#8230;<\/p><p class=\"wp-block-post-excerpt__more-text\"><a class=\"wp-block-post-excerpt__more-link\" href=\"https:\/\/naturschutzsl.ch\/index.php\/2025\/09\/18\/testbeitrag-2-6\/\">Weiter lesen<\/a><\/p><\/div>\n<\/li><\/ul><\/div>\n<\/div>\n<\/div>\n<\/div><\/div>\n","protected":false},"excerpt":{"rendered":"<p>Aktuelles<\/p>\n<p> <a class=\"continue-reading-link\" href=\"https:\/\/naturschutzsl.ch\/index.php\/aktuelles-drei\/\"><span><\/span><i class=\"crycon-right-dir\"><\/i><\/a> <\/p>\n","protected":false},"author":1,"featured_media":1373,"parent":0,"menu_order":0,"comment_status":"closed","ping_status":"closed","template":"","meta":{"footnotes":""},"class_list":["post-600","page","type-page","status-publish","has-post-thumbnail","hentry"],"_links":{"self":[{"href":"https:\/\/naturschutzsl.ch\/index.php\/wp-json\/wp\/v2\/pages\/600","targetHints":{"allow":["GET"]}}],"collection":[{"href":"https:\/\/naturschutzsl.ch\/index.php\/wp-json\/wp\/v2\/pages"}],"about":[{"href":"https:\/\/naturschutzsl.ch\/index.php\/wp-json\/wp\/v2\/types\/page"}],"author":[{"embeddable":true,"href":"https:\/\/naturschutzsl.ch\/index.php\/wp-json\/wp\/v2\/users\/1"}],"replies":[{"embeddable":true,"href":"https:\/\/naturschutzsl.ch\/index.php\/wp-json\/wp\/v2\/comments?post=600"}],"version-history":[{"count":18,"href":"https:\/\/naturschutzsl.ch\/index.php\/wp-json\/wp\/v2\/pages\/600\/revisions"}],"predecessor-version":[{"id":1376,"href":"https:\/\/naturschutzsl.ch\/index.php\/wp-json\/wp\/v2\/pages\/600\/revisions\/1376"}],"wp:featuredmedia":[{"embeddable":true,"href":"https:\/\/naturschutzsl.ch\/index.php\/wp-json\/wp\/v2\/media\/1373"}],"wp:attachment":[{"href":"https:\/\/naturschutzsl.ch\/index.php\/wp-json\/wp\/v2\/media?parent=600"}],"curies":[{"name":"wp","href":"https:\/\/api.w.org\/{rel}","templated":true}]}}